{"id":225136,"date":"2024-06-25T10:00:53","date_gmt":"2024-06-25T09:00:53","guid":{"rendered":"https:\/\/www.hotel-italia.it\/accessibilita\/"},"modified":"2024-07-24T19:00:07","modified_gmt":"2024-07-24T18:00:07","slug":"barrierefreiheit","status":"publish","type":"page","link":"https:\/\/www.hotel-italia.it\/de\/barrierefreiheit\/","title":{"rendered":"Barrierefreiheit"},"content":{"rendered":"<p>[et_pb_section fb_built=&#8220;1&#8243; custom_padding_last_edited=&#8220;on|desktop&#8220; _builder_version=&#8220;4.25.2&#8243; _module_preset=&#8220;default&#8220; use_background_color_gradient=&#8220;on&#8220; background_color_gradient_stops=&#8220;rgba(0,0,0,0.7) 0%|rgba(0,0,0,0.3) 100%&#8220; background_color_gradient_overlays_image=&#8220;on&#8220; background_color_gradient_start=&#8220;rgba(0,0,0,0.7)&#8220; background_color_gradient_end=&#8220;rgba(0,0,0,0.3)&#8220; background_image=&#8220;https:\/\/www.hotel-italia.it\/wp-content\/uploads\/2024\/06\/WhatsApp-Image-2024-06-28-at-09.35.04.jpeg&#8220; custom_margin=&#8220;-180px||||false|false&#8220; custom_margin_tablet=&#8220;-180px||||false|false&#8220; custom_margin_phone=&#8220;-150px||||false|false&#8220; custom_margin_last_edited=&#8220;on|phone&#8220; custom_padding=&#8220;363px||363px||true|false&#8220; custom_padding_tablet=&#8220;250px||||false|false&#8220; custom_padding_phone=&#8220;200px||100px||false|false&#8220; locked=&#8220;off&#8220; global_colors_info=&#8220;{}&#8220;][et_pb_row _builder_version=&#8220;4.16&#8243; _module_preset=&#8220;default&#8220; width_tablet=&#8220;&#8220; width_phone=&#8220;90%&#8220; width_last_edited=&#8220;on|phone&#8220; max_width=&#8220;1280px&#8220; global_colors_info=&#8220;{}&#8220;][et_pb_column type=&#8220;4_4&#8243; _builder_version=&#8220;4.16&#8243; _module_preset=&#8220;default&#8220; global_colors_info=&#8220;{}&#8220;][et_pb_text _builder_version=&#8220;4.25.2&#8243; _module_preset=&#8220;default&#8220; text_font=&#8220;|300|||||||&#8220; text_text_color=&#8220;#FFFFFF&#8220; text_font_size=&#8220;2vw&#8220; text_line_height=&#8220;1.5em&#8220; header_font=&#8220;Playfair Display||||||||&#8220; header_text_color=&#8220;#FFFFFF&#8220; header_font_size=&#8220;3vw&#8220; header_letter_spacing=&#8220;1px&#8220; header_line_height=&#8220;1.1em&#8220; header_2_font=&#8220;Playfair Display|600||on|||||&#8220; header_2_font_size=&#8220;4vw&#8220; header_2_line_height=&#8220;1.1em&#8220; header_3_font=&#8220;Playfair Display|600||on|||||&#8220; header_3_font_size=&#8220;4vw&#8220; header_3_line_height=&#8220;1.1em&#8220; header_4_font=&#8220;Playfair Display|600||on|||||&#8220; header_4_font_size=&#8220;4vw&#8220; header_4_line_height=&#8220;1.1em&#8220; header_5_font=&#8220;Playfair Display|600||on|||||&#8220; header_5_font_size=&#8220;4vw&#8220; header_5_line_height=&#8220;1.1em&#8220; header_6_font=&#8220;Playfair Display|600||on|||||&#8220; header_6_font_size=&#8220;4vw&#8220; header_6_line_height=&#8220;1.1em&#8220; text_orientation=&#8220;center&#8220; custom_margin=&#8220;1px||10px||false|false&#8220; text_font_size_tablet=&#8220;4vw&#8220; text_font_size_phone=&#8220;6vw&#8220; text_font_size_last_edited=&#8220;on|phone&#8220; header_font_tablet=&#8220;Playfair Display||||||||&#8220; header_font_phone=&#8220;Playfair Display||||||||&#8220; header_font_last_edited=&#8220;on|tablet&#8220; header_font_size_tablet=&#8220;7vw&#8220; header_font_size_phone=&#8220;8vw&#8220; header_font_size_last_edited=&#8220;on|tablet&#8220; header_2_font_tablet=&#8220;Playfair Display|600||on|||||&#8220; header_2_font_phone=&#8220;Playfair Display|600||on|||||&#8220; header_2_font_last_edited=&#8220;on|tablet&#8220; header_2_font_size_tablet=&#8220;7vw&#8220; header_2_font_size_phone=&#8220;8vw&#8220; header_2_font_size_last_edited=&#8220;on|tablet&#8220; header_3_font_tablet=&#8220;Playfair Display|600||on|||||&#8220; header_3_font_phone=&#8220;Playfair Display|600||on|||||&#8220; header_3_font_last_edited=&#8220;on|tablet&#8220; header_3_font_size_tablet=&#8220;7vw&#8220; header_3_font_size_phone=&#8220;8vw&#8220; header_3_font_size_last_edited=&#8220;on|tablet&#8220; header_4_font_tablet=&#8220;Playfair Display|600||on|||||&#8220; header_4_font_phone=&#8220;Playfair Display|600||on|||||&#8220; header_4_font_last_edited=&#8220;on|tablet&#8220; header_4_font_size_tablet=&#8220;7vw&#8220; header_4_font_size_phone=&#8220;8vw&#8220; header_4_font_size_last_edited=&#8220;on|tablet&#8220; header_5_font_tablet=&#8220;Playfair Display|600||on|||||&#8220; header_5_font_phone=&#8220;Playfair Display|600||on|||||&#8220; header_5_font_last_edited=&#8220;on|tablet&#8220; header_5_font_size_tablet=&#8220;7vw&#8220; header_5_font_size_phone=&#8220;8vw&#8220; header_5_font_size_last_edited=&#8220;on|tablet&#8220; header_6_font_tablet=&#8220;Playfair Display|600||on|||||&#8220; header_6_font_phone=&#8220;Playfair Display|600||on|||||&#8220; header_6_font_last_edited=&#8220;on|tablet&#8220; header_6_font_size_tablet=&#8220;7vw&#8220; header_6_font_size_phone=&#8220;8vw&#8220; header_6_font_size_last_edited=&#8220;on|tablet&#8220; global_colors_info=&#8220;{}&#8220;]<\/p>\n<h1><strong>Barrierefreiheit<\/strong><\/h1>\n<p>[\/et_pb_text][et_pb_text _builder_version=&#8220;4.27.0&#8243; _module_preset=&#8220;default&#8220; text_font=&#8220;|300|||||||&#8220; text_text_color=&#8220;#FFFFFF&#8220; text_font_size=&#8220;2vw&#8220; text_line_height=&#8220;1.5em&#8220; header_font=&#8220;Playfair Display||||||||&#8220; header_text_color=&#8220;#FFFFFF&#8220; header_font_size=&#8220;3vw&#8220; header_letter_spacing=&#8220;1px&#8220; header_line_height=&#8220;1.1em&#8220; header_2_font=&#8220;Playfair Display|600||on|||||&#8220; header_2_font_size=&#8220;4vw&#8220; header_2_line_height=&#8220;1.1em&#8220; header_3_font=&#8220;Playfair Display|600||on|||||&#8220; header_3_font_size=&#8220;4vw&#8220; header_3_line_height=&#8220;1.1em&#8220; header_4_font=&#8220;Playfair Display|600||on|||||&#8220; header_4_font_size=&#8220;4vw&#8220; header_4_line_height=&#8220;1.1em&#8220; header_5_font=&#8220;Playfair Display|600||on|||||&#8220; header_5_font_size=&#8220;4vw&#8220; header_5_line_height=&#8220;1.1em&#8220; header_6_font=&#8220;Playfair Display|600||on|||||&#8220; header_6_font_size=&#8220;4vw&#8220; header_6_line_height=&#8220;1.1em&#8220; text_orientation=&#8220;center&#8220; custom_margin=&#8220;-12px||16px||false|false&#8220; hover_enabled=&#8220;0&#8243; text_font_size_tablet=&#8220;4vw&#8220; text_font_size_phone=&#8220;6vw&#8220; text_font_size_last_edited=&#8220;on|phone&#8220; header_font_tablet=&#8220;Playfair Display||||||||&#8220; header_font_phone=&#8220;Playfair Display||||||||&#8220; header_font_last_edited=&#8220;on|tablet&#8220; header_font_size_tablet=&#8220;7vw&#8220; header_font_size_phone=&#8220;8vw&#8220; header_font_size_last_edited=&#8220;on|tablet&#8220; header_2_font_tablet=&#8220;Playfair Display|600||on|||||&#8220; header_2_font_phone=&#8220;Playfair Display|600||on|||||&#8220; header_2_font_last_edited=&#8220;on|tablet&#8220; header_2_font_size_tablet=&#8220;7vw&#8220; header_2_font_size_phone=&#8220;8vw&#8220; header_2_font_size_last_edited=&#8220;on|tablet&#8220; header_3_font_tablet=&#8220;Playfair Display|600||on|||||&#8220; header_3_font_phone=&#8220;Playfair Display|600||on|||||&#8220; header_3_font_last_edited=&#8220;on|tablet&#8220; header_3_font_size_tablet=&#8220;7vw&#8220; header_3_font_size_phone=&#8220;8vw&#8220; header_3_font_size_last_edited=&#8220;on|tablet&#8220; header_4_font_tablet=&#8220;Playfair Display|600||on|||||&#8220; header_4_font_phone=&#8220;Playfair Display|600||on|||||&#8220; header_4_font_last_edited=&#8220;on|tablet&#8220; header_4_font_size_tablet=&#8220;7vw&#8220; header_4_font_size_phone=&#8220;8vw&#8220; header_4_font_size_last_edited=&#8220;on|tablet&#8220; header_5_font_tablet=&#8220;Playfair Display|600||on|||||&#8220; header_5_font_phone=&#8220;Playfair Display|600||on|||||&#8220; header_5_font_last_edited=&#8220;on|tablet&#8220; header_5_font_size_tablet=&#8220;7vw&#8220; header_5_font_size_phone=&#8220;8vw&#8220; header_5_font_size_last_edited=&#8220;on|tablet&#8220; header_6_font_tablet=&#8220;Playfair Display|600||on|||||&#8220; header_6_font_phone=&#8220;Playfair Display|600||on|||||&#8220; header_6_font_last_edited=&#8220;on|tablet&#8220; header_6_font_size_tablet=&#8220;7vw&#8220; header_6_font_size_phone=&#8220;8vw&#8220; header_6_font_size_last_edited=&#8220;on|tablet&#8220; global_colors_info=&#8220;{}&#8220; sticky_enabled=&#8220;0&#8243;]<\/p>\n<p class=\"p1\">Komfort und Sicherheit f\u00fcr alle unsere G\u00e4ste<\/p>\n<p>[\/et_pb_text][\/et_pb_column][\/et_pb_row][\/et_pb_section][et_pb_section fb_built=&#8220;1&#8243; custom_padding_last_edited=&#8220;off|phone&#8220; _builder_version=&#8220;4.16&#8243; _module_preset=&#8220;default&#8220; custom_padding=&#8220;||23px||false|false&#8220; custom_padding_tablet=&#8220;60px||60px||true|false&#8220; locked=&#8220;off&#8220; global_colors_info=&#8220;{}&#8220;][et_pb_row _builder_version=&#8220;4.25.2&#8243; _module_preset=&#8220;default&#8220; max_width=&#8220;1280px&#8220; custom_margin=&#8220;0px||||false|false&#8220; custom_margin_tablet=&#8220;-120px||||false|false&#8220; custom_margin_phone=&#8220;20px|auto||auto|false|false&#8220; custom_margin_last_edited=&#8220;on|tablet&#8220; global_colors_info=&#8220;{}&#8220;][et_pb_column type=&#8220;4_4&#8243; _builder_version=&#8220;4.16&#8243; _module_preset=&#8220;default&#8220; global_colors_info=&#8220;{}&#8220;][et_pb_text _builder_version=&#8220;4.27.0&#8243; _module_preset=&#8220;default&#8220; text_font=&#8220;|300|||||||&#8220; text_text_color=&#8220;#000000&#8243; text_font_size=&#8220;2vw&#8220; text_line_height=&#8220;1.5em&#8220; header_font=&#8220;Playfair Display|600||on|||||&#8220; header_text_color=&#8220;#424242&#8243; header_font_size=&#8220;4vw&#8220; header_line_height=&#8220;1.1em&#8220; header_2_font=&#8220;Playfair Display|600||on|||||&#8220; header_2_font_size=&#8220;4vw&#8220; header_2_line_height=&#8220;1.1em&#8220; header_3_font=&#8220;Playfair Display|600||on|||||&#8220; header_3_font_size=&#8220;4vw&#8220; header_3_line_height=&#8220;1.1em&#8220; header_4_font=&#8220;Playfair Display|600||on|||||&#8220; header_4_font_size=&#8220;4vw&#8220; header_4_line_height=&#8220;1.1em&#8220; header_5_font=&#8220;Playfair Display|600||on|||||&#8220; header_5_font_size=&#8220;4vw&#8220; header_5_line_height=&#8220;1.1em&#8220; header_6_font=&#8220;Playfair Display|600||on|||||&#8220; header_6_font_size=&#8220;4vw&#8220; header_6_line_height=&#8220;1.1em&#8220; text_orientation=&#8220;center&#8220; custom_margin=&#8220;7px||7px||false|false&#8220; hover_enabled=&#8220;0&#8243; text_font_size_tablet=&#8220;4vw&#8220; text_font_size_phone=&#8220;6vw&#8220; text_font_size_last_edited=&#8220;on|phone&#8220; header_font_tablet=&#8220;&#8220; header_font_phone=&#8220;&#8220; header_font_last_edited=&#8220;on|tablet&#8220; header_font_size_tablet=&#8220;7vw&#8220; header_font_size_phone=&#8220;8vw&#8220; header_font_size_last_edited=&#8220;on|tablet&#8220; header_2_font_tablet=&#8220;&#8220; header_2_font_phone=&#8220;&#8220; header_2_font_last_edited=&#8220;on|tablet&#8220; header_2_font_size_tablet=&#8220;7vw&#8220; header_2_font_size_phone=&#8220;8vw&#8220; header_2_font_size_last_edited=&#8220;on|tablet&#8220; header_3_font_tablet=&#8220;&#8220; header_3_font_phone=&#8220;&#8220; header_3_font_last_edited=&#8220;on|tablet&#8220; header_3_font_size_tablet=&#8220;7vw&#8220; header_3_font_size_phone=&#8220;8vw&#8220; header_3_font_size_last_edited=&#8220;on|tablet&#8220; header_4_font_tablet=&#8220;&#8220; header_4_font_phone=&#8220;&#8220; header_4_font_last_edited=&#8220;on|tablet&#8220; header_4_font_size_tablet=&#8220;7vw&#8220; header_4_font_size_phone=&#8220;8vw&#8220; header_4_font_size_last_edited=&#8220;on|tablet&#8220; header_5_font_tablet=&#8220;&#8220; header_5_font_phone=&#8220;&#8220; header_5_font_last_edited=&#8220;on|tablet&#8220; header_5_font_size_tablet=&#8220;7vw&#8220; header_5_font_size_phone=&#8220;8vw&#8220; header_5_font_size_last_edited=&#8220;on|tablet&#8220; header_6_font_tablet=&#8220;&#8220; header_6_font_phone=&#8220;&#8220; header_6_font_last_edited=&#8220;on|tablet&#8220; header_6_font_size_tablet=&#8220;7vw&#8220; header_6_font_size_phone=&#8220;8vw&#8220; header_6_font_size_last_edited=&#8220;on|tablet&#8220; global_colors_info=&#8220;{}&#8220; sticky_enabled=&#8220;0&#8243;]<\/p>\n<p class=\"p1\" style=\"text-align: left;\">Hotel Italia ist vollst\u00e4ndig zug\u00e4nglich f\u00fcr G\u00e4ste mit Behinderungen, \u00e4ltere Menschen oder Familien mit Kindern.<\/p>\n<p>[\/et_pb_text][et_pb_divider divider_position=&#8220;center&#8220; divider_weight=&#8220;3px&#8220; _builder_version=&#8220;4.25.2&#8243; _module_preset=&#8220;default&#8220; width=&#8220;20%&#8220; custom_padding=&#8220;1vw||||false|false&#8220; global_colors_info=&#8220;{}&#8220; width__hover=&#8220;30%&#8220; width__hover_enabled=&#8220;on|hover&#8220;][\/et_pb_divider][\/et_pb_column][\/et_pb_row][et_pb_row column_structure=&#8220;1_2,1_2&#8243; _builder_version=&#8220;4.25.2&#8243; _module_preset=&#8220;default&#8220; max_width=&#8220;1280px&#8220; module_alignment=&#8220;center&#8220; custom_margin=&#8220;|auto||149px||&#8220; global_colors_info=&#8220;{}&#8220;][et_pb_column type=&#8220;1_2&#8243; _builder_version=&#8220;4.25.2&#8243; _module_preset=&#8220;default&#8220; global_colors_info=&#8220;{}&#8220;][et_pb_text _builder_version=&#8220;4.27.0&#8243; _module_preset=&#8220;default&#8220; text_font=&#8220;|300|||||||&#8220; text_text_color=&#8220;#6d6d6d&#8220; text_font_size=&#8220;18px&#8220; text_line_height=&#8220;1.6em&#8220; custom_padding=&#8220;|20px|||false|false&#8220; hover_enabled=&#8220;0&#8243; text_font_size_tablet=&#8220;2.5vw&#8220; text_font_size_phone=&#8220;3.5vw&#8220; text_font_size_last_edited=&#8220;on|phone&#8220; border_color_right=&#8220;#E9A081&#8243; border_color_left=&#8220;#E9A081&#8243; global_colors_info=&#8220;{}&#8220; sticky_enabled=&#8220;0&#8243;]<\/p>\n<div class=\"camera_fakehover\" style=\"text-align: justify;\">\n<p class=\"p1\">Das Hotel Italia ist vollst\u00e4ndig zug\u00e4nglich f\u00fcr G\u00e4ste mit Behinderungen, \u00e4ltere Menschen oder Familien mit Kindern. Vor dem Eingang gibt es eine Kurzparkzone, die es Fahrzeugen erm\u00f6glicht, G\u00e4ste mit Behinderungen zu transportieren und sowohl das Ausladen des Gep\u00e4cks als auch den Zugang zum Hotel zu erleichtern. Der Eingang ist barrierefrei und mit automatischen T\u00fcren ausgestattet. Die Rezeption, mit unserem qualifizierten Personal rund um die Uhr, befindet sich direkt nach dem Eingang und ist bereit, Ihnen die ben\u00f6tigte Unterst\u00fctzung zu bieten. Sie erreichen Ihre Zimmer bequem mit dem ger\u00e4umigen Aufzug, der auch Rollst\u00fchle und Kinderwagen problemlos transportieren kann.<\/p>\n<p class=\"p1\"><strong>Alle 38 Zimmer unseres Hotels sind dank der k\u00fcrzlichen Renovierung des Geb\u00e4udes zug\u00e4nglich.<\/strong>\u00a0Wir haben zudem sogar 10 Zimmer geschaffen, die den strengsten EU-Normen entspricht, um G\u00e4sten mit Behinderungen volle Autonomie zu\u00a0erm\u00f6glichen. F\u00fcr uns im Hotel Italia ist das Thema Barrierefreiheit von gro\u00dfer Bedeutung, weil wir wissen, dass ohne die richtigen Einrichtungen nicht alle G\u00e4ste die einzigartige Erfahrung des Reisens genie\u00dfen k\u00f6nnen, mit der Entdeckung von Geschichten, Kulturen und Traditionen, die damit verbunden sind.<\/p>\n<\/div>\n<p>[\/et_pb_text][\/et_pb_column][et_pb_column type=&#8220;1_2&#8243; _builder_version=&#8220;4.25.2&#8243; _module_preset=&#8220;default&#8220; global_colors_info=&#8220;{}&#8220;][et_pb_text _builder_version=&#8220;4.27.0&#8243; _module_preset=&#8220;default&#8220; text_font=&#8220;|300|||||||&#8220; text_text_color=&#8220;#6d6d6d&#8220; text_font_size=&#8220;18px&#8220; text_line_height=&#8220;1.6em&#8220; custom_padding=&#8220;|20px|||false|false&#8220; hover_enabled=&#8220;0&#8243; text_font_size_tablet=&#8220;2.5vw&#8220; text_font_size_phone=&#8220;4.5vw&#8220; text_font_size_last_edited=&#8220;on|phone&#8220; border_color_right=&#8220;#E9A081&#8243; border_color_left=&#8220;#E9A081&#8243; global_colors_info=&#8220;{}&#8220; sticky_enabled=&#8220;0&#8243;]<\/p>\n<div class=\"camera_fakehover\" style=\"text-align: justify;\">\n<p class=\"p1\">Das Engagement des Hotel Italia, diese M\u00f6glichkeiten allen seinen G\u00e4sten, die Triest besuchen m\u00f6chten, zu bieten, spiegelt sich auch in unserer Teilnahme an \u201etourism_net.fvg\u201c wider, dem ersten Unternehmensnetzwerk im Tourismus des Friaul-Julisch Venetien. Eines seiner drei Hauptziele ist der barrierefreie Tourismus, ein Angebot, das nicht nur f\u00fcr Menschen mit Behinderungen, sondern auch f\u00fcr \u00e4ltere Menschen, Familien mit Kindern und Personen mit Lebensmittelunvertr\u00e4glichkeiten gedacht ist.<\/p>\n<p class=\"p1\">Das gesamte Personal des Hotel Italia und die angebotenen Dienstleistungen stehen den G\u00e4sten zur Verf\u00fcgung, um alle Bed\u00fcrfnisse zu erf\u00fcllen und den Aufenthalt in Triest zu einem unvergesslichen Erlebnis zu machen.<\/p>\n<\/div>\n<p>[\/et_pb_text][et_pb_text _builder_version=&#8220;4.27.0&#8243; _module_preset=&#8220;default&#8220; custom_padding=&#8220;10px|10px|10px|10px|true|true&#8220; hover_enabled=&#8220;0&#8243; border_radii=&#8220;on|10px|10px|10px|10px&#8220; border_width_all=&#8220;1px&#8220; global_colors_info=&#8220;{}&#8220; sticky_enabled=&#8220;0&#8243;]<\/p>\n<p class=\"p1\">Das\u00a0Hotel Italia\u00a0ist das einzige Hotel in Triest und der Region Friaul-Julisch Venetien, <strong>das 10 vollst\u00e4ndig renovierte,\u00a0100 % barrierefreie\u00a0Zimmer mit privaten B\u00e4dern bietet<\/strong>, die f\u00fcr Rollstuhlfahrer oder Personen mit eingeschr\u00e4nkter Mobilit\u00e4t ausgestattet sind.<\/p>\n<p>[\/et_pb_text][\/et_pb_column][\/et_pb_row][\/et_pb_section][et_pb_section fb_built=&#8220;1&#8243; _builder_version=&#8220;4.25.2&#8243; _module_preset=&#8220;default&#8220; custom_padding=&#8220;17px|||||&#8220; global_colors_info=&#8220;{}&#8220;][et_pb_row column_structure=&#8220;1_2,1_2&#8243; use_custom_gutter=&#8220;on&#8220; gutter_width=&#8220;1&#8243; make_equal=&#8220;on&#8220; _builder_version=&#8220;4.25.2&#8243; _module_preset=&#8220;default&#8220; width=&#8220;95%&#8220; width_tablet=&#8220;90%&#8220; width_phone=&#8220;90%&#8220; width_last_edited=&#8220;on|phone&#8220; max_width=&#8220;1280px&#8220; module_alignment=&#8220;center&#8220; global_colors_info=&#8220;{}&#8220;][et_pb_column type=&#8220;1_2&#8243; _builder_version=&#8220;4.16&#8243; _module_preset=&#8220;default&#8220; global_colors_info=&#8220;{}&#8220;][et_pb_image src=&#8220;https:\/\/www.hotel-italia.it\/wp-content\/uploads\/2024\/06\/hotel-italia0094.jpg&#8220; title_text=&#8220;hotel italia0094&#8243; show_in_lightbox=&#8220;on&#8220; _builder_version=&#8220;4.25.2&#8243; _module_preset=&#8220;default&#8220; global_colors_info=&#8220;{}&#8220;][\/et_pb_image][et_pb_image src=&#8220;https:\/\/www.hotel-italia.it\/wp-content\/uploads\/2024\/06\/hotel-italia0018.jpg&#8220; title_text=&#8220;hotel italia0018&#8243; show_in_lightbox=&#8220;on&#8220; _builder_version=&#8220;4.25.2&#8243; _module_preset=&#8220;default&#8220; global_colors_info=&#8220;{}&#8220;][\/et_pb_image][\/et_pb_column][et_pb_column type=&#8220;1_2&#8243; _builder_version=&#8220;4.16&#8243; _module_preset=&#8220;default&#8220; global_colors_info=&#8220;{}&#8220;][et_pb_image src=&#8220;https:\/\/www.hotel-italia.it\/wp-content\/uploads\/2024\/06\/hotel-italia0006.jpg&#8220; title_text=&#8220;hotel italia0006&#8243; show_in_lightbox=&#8220;on&#8220; _builder_version=&#8220;4.25.2&#8243; _module_preset=&#8220;default&#8220; global_colors_info=&#8220;{}&#8220;][\/et_pb_image][et_pb_image src=&#8220;https:\/\/www.hotel-italia.it\/wp-content\/uploads\/2024\/06\/hotel-italia0065.jpg&#8220; title_text=&#8220;hotel italia0065&#8243; show_in_lightbox=&#8220;on&#8220; _builder_version=&#8220;4.25.2&#8243; _module_preset=&#8220;default&#8220; global_colors_info=&#8220;{}&#8220;][\/et_pb_image][\/et_pb_column][\/et_pb_row][\/et_pb_section]<\/p>\n","protected":false},"excerpt":{"rendered":"<p>BarrierefreiheitKomfort und Sicherheit f\u00fcr alle unsere G\u00e4steHotel Italia ist vollst\u00e4ndig zug\u00e4nglich f\u00fcr G\u00e4ste mit Behinderungen, \u00e4ltere Menschen oder Familien mit Kindern. Das Hotel Italia ist vollst\u00e4ndig zug\u00e4nglich f\u00fcr G\u00e4ste mit Behinderungen, \u00e4ltere Menschen oder Familien mit Kindern. Vor dem Eingang gibt es eine Kurzparkzone, die es Fahrzeugen erm\u00f6glicht, G\u00e4ste mit Behinderungen zu transportieren und sowohl [&hellip;]<\/p>\n","protected":false},"author":1,"featured_media":0,"parent":0,"menu_order":0,"comment_status":"closed","ping_status":"closed","template":"","meta":{"_et_pb_use_builder":"on","_et_pb_old_content":"","_et_gb_content_width":"","footnotes":""},"class_list":["post-225136","page","type-page","status-publish","hentry"],"_links":{"self":[{"href":"https:\/\/www.hotel-italia.it\/de\/wp-json\/wp\/v2\/pages\/225136","targetHints":{"allow":["GET"]}}],"collection":[{"href":"https:\/\/www.hotel-italia.it\/de\/wp-json\/wp\/v2\/pages"}],"about":[{"href":"https:\/\/www.hotel-italia.it\/de\/wp-json\/wp\/v2\/types\/page"}],"author":[{"embeddable":true,"href":"https:\/\/www.hotel-italia.it\/de\/wp-json\/wp\/v2\/users\/1"}],"replies":[{"embeddable":true,"href":"https:\/\/www.hotel-italia.it\/de\/wp-json\/wp\/v2\/comments?post=225136"}],"version-history":[{"count":0,"href":"https:\/\/www.hotel-italia.it\/de\/wp-json\/wp\/v2\/pages\/225136\/revisions"}],"wp:attachment":[{"href":"https:\/\/www.hotel-italia.it\/de\/wp-json\/wp\/v2\/media?parent=225136"}],"curies":[{"name":"wp","href":"https:\/\/api.w.org\/{rel}","templated":true}]}}