{"id":225150,"date":"2024-06-20T13:02:56","date_gmt":"2024-06-20T12:02:56","guid":{"rendered":"https:\/\/www.hotel-italia.it\/kontinentales-fruehstueck\/"},"modified":"2024-07-24T19:00:10","modified_gmt":"2024-07-24T18:00:10","slug":"kontinentales-fruehstueck","status":"publish","type":"page","link":"https:\/\/www.hotel-italia.it\/de\/kontinentales-fruehstueck\/","title":{"rendered":"Kontinentales Fr\u00fchst\u00fcck"},"content":{"rendered":"<p>[et_pb_section fb_built=&#8220;1&#8243; _builder_version=&#8220;4.25.2&#8243; _module_preset=&#8220;default&#8220; use_background_color_gradient=&#8220;on&#8220; background_color_gradient_stops=&#8220;rgba(0,0,0,0.4) 0%|rgba(0,0,0,0.4) 100%&#8220; background_color_gradient_overlays_image=&#8220;on&#8220; background_color_gradient_start=&#8220;rgba(0,0,0,0.4)&#8220; background_color_gradient_end=&#8220;rgba(0,0,0,0.4)&#8220; background_image=&#8220;https:\/\/www.hotel-italia.it\/wp-content\/uploads\/2024\/06\/hotel.italia0026.jpg&#8220; custom_margin=&#8220;-180px||||false|false&#8220; custom_margin_tablet=&#8220;-200px||||false|false&#8220; custom_margin_phone=&#8220;&#8220; custom_margin_last_edited=&#8220;on|phone&#8220; custom_padding=&#8220;260px||260px||true|false&#8220; locked=&#8220;off&#8220; global_colors_info=&#8220;{}&#8220;][et_pb_row _builder_version=&#8220;4.16&#8243; _module_preset=&#8220;default&#8220; global_colors_info=&#8220;{}&#8220;][et_pb_column type=&#8220;4_4&#8243; _builder_version=&#8220;4.16&#8243; _module_preset=&#8220;default&#8220; global_colors_info=&#8220;{}&#8220;][et_pb_text _builder_version=&#8220;4.25.2&#8243; _module_preset=&#8220;default&#8220; text_font=&#8220;|300|||||||&#8220; text_text_color=&#8220;#FFFFFF&#8220; text_font_size=&#8220;1vw&#8220; text_line_height=&#8220;1.5em&#8220; header_font=&#8220;Playfair Display||||||||&#8220; header_text_color=&#8220;#FFFFFF&#8220; header_font_size=&#8220;3vw&#8220; header_letter_spacing=&#8220;1px&#8220; header_line_height=&#8220;1.1em&#8220; header_2_font=&#8220;Playfair Display|600||on|||||&#8220; header_2_font_size=&#8220;4vw&#8220; header_2_line_height=&#8220;1.1em&#8220; header_3_font=&#8220;Playfair Display|600||on|||||&#8220; header_3_font_size=&#8220;4vw&#8220; header_3_line_height=&#8220;1.1em&#8220; header_4_font=&#8220;Playfair Display|600||on|||||&#8220; header_4_font_size=&#8220;4vw&#8220; header_4_line_height=&#8220;1.1em&#8220; header_5_font=&#8220;Playfair Display|600||on|||||&#8220; header_5_font_size=&#8220;4vw&#8220; header_5_line_height=&#8220;1.1em&#8220; header_6_font=&#8220;Playfair Display|600||on|||||&#8220; header_6_font_size=&#8220;4vw&#8220; header_6_line_height=&#8220;1.1em&#8220; text_orientation=&#8220;center&#8220; custom_margin=&#8220;100px||||false|false&#8220; text_font_size_tablet=&#8220;4vw&#8220; text_font_size_phone=&#8220;4vw&#8220; text_font_size_last_edited=&#8220;on|phone&#8220; header_font_tablet=&#8220;&#8220; header_font_phone=&#8220;&#8220; header_font_last_edited=&#8220;on|tablet&#8220; header_font_size_tablet=&#8220;7vw&#8220; header_font_size_phone=&#8220;8vw&#8220; header_font_size_last_edited=&#8220;on|tablet&#8220; header_2_font_tablet=&#8220;&#8220; header_2_font_phone=&#8220;&#8220; header_2_font_last_edited=&#8220;on|tablet&#8220; header_2_font_size_tablet=&#8220;7vw&#8220; header_2_font_size_phone=&#8220;8vw&#8220; header_2_font_size_last_edited=&#8220;on|tablet&#8220; header_3_font_tablet=&#8220;&#8220; header_3_font_phone=&#8220;&#8220; header_3_font_last_edited=&#8220;on|tablet&#8220; header_3_font_size_tablet=&#8220;7vw&#8220; header_3_font_size_phone=&#8220;8vw&#8220; header_3_font_size_last_edited=&#8220;on|tablet&#8220; header_4_font_tablet=&#8220;&#8220; header_4_font_phone=&#8220;&#8220; header_4_font_last_edited=&#8220;on|tablet&#8220; header_4_font_size_tablet=&#8220;7vw&#8220; header_4_font_size_phone=&#8220;8vw&#8220; header_4_font_size_last_edited=&#8220;on|tablet&#8220; header_5_font_tablet=&#8220;&#8220; header_5_font_phone=&#8220;&#8220; header_5_font_last_edited=&#8220;on|tablet&#8220; header_5_font_size_tablet=&#8220;7vw&#8220; header_5_font_size_phone=&#8220;8vw&#8220; header_5_font_size_last_edited=&#8220;on|tablet&#8220; header_6_font_tablet=&#8220;&#8220; header_6_font_phone=&#8220;&#8220; header_6_font_last_edited=&#8220;on|tablet&#8220; header_6_font_size_tablet=&#8220;7vw&#8220; header_6_font_size_phone=&#8220;8vw&#8220; header_6_font_size_last_edited=&#8220;on|tablet&#8220; global_colors_info=&#8220;{}&#8220;]<\/p>\n<h1>Kontinentales Fr\u00fchst\u00fcck<\/h1>\n<p><span>Hotel Italia<\/span><\/p>\n<p>[\/et_pb_text][\/et_pb_column][\/et_pb_row][\/et_pb_section][et_pb_section fb_built=&#8220;1&#8243; custom_padding_last_edited=&#8220;off|phone&#8220; _builder_version=&#8220;4.16&#8243; _module_preset=&#8220;default&#8220; custom_padding=&#8220;||23px||false|false&#8220; custom_padding_tablet=&#8220;60px||60px||true|false&#8220; locked=&#8220;off&#8220; global_colors_info=&#8220;{}&#8220;][et_pb_row _builder_version=&#8220;4.16&#8243; _module_preset=&#8220;default&#8220; max_width=&#8220;1280px&#8220; custom_margin=&#8220;0px||||false|false&#8220; custom_margin_tablet=&#8220;-120px||||false|false&#8220; custom_margin_phone=&#8220;&#8220; custom_margin_last_edited=&#8220;on|tablet&#8220; global_colors_info=&#8220;{}&#8220;][et_pb_column type=&#8220;4_4&#8243; _builder_version=&#8220;4.16&#8243; _module_preset=&#8220;default&#8220; global_colors_info=&#8220;{}&#8220;][et_pb_text _builder_version=&#8220;4.27.0&#8243; _module_preset=&#8220;default&#8220; header_font=&#8220;||||||||&#8220; header_2_font=&#8220;Playfair Display||||||||&#8220; header_2_font_size=&#8220;4vh&#8220; header_2_line_height=&#8220;1.2em&#8220; custom_margin=&#8220;114px||11px||false|false&#8220; hover_enabled=&#8220;0&#8243; header_font_size_tablet=&#8220;&#8220; header_font_size_phone=&#8220;&#8220; header_font_size_last_edited=&#8220;on|phone&#8220; header_2_font_size_tablet=&#8220;6vw&#8220; header_2_font_size_phone=&#8220;8vw&#8220; header_2_font_size_last_edited=&#8220;on|phone&#8220; global_colors_info=&#8220;{}&#8220; sticky_enabled=&#8220;0&#8243;]<\/p>\n<h2>Nachhaltige und k\u00f6stliche Fr\u00fchst\u00fccksbuffets<\/h2>\n<p>[\/et_pb_text][et_pb_divider divider_position=&#8220;center&#8220; divider_weight=&#8220;3px&#8220; _builder_version=&#8220;4.25.2&#8243; _module_preset=&#8220;default&#8220; width=&#8220;20%&#8220; custom_padding=&#8220;1vw||||false|false&#8220; global_colors_info=&#8220;{}&#8220; width__hover=&#8220;30%&#8220; width__hover_enabled=&#8220;on|hover&#8220;][\/et_pb_divider][et_pb_text _builder_version=&#8220;4.27.0&#8243; _module_preset=&#8220;default&#8220; text_font=&#8220;|300|||||||&#8220; text_text_color=&#8220;#000000&#8243; text_font_size=&#8220;2vw&#8220; text_line_height=&#8220;1.5em&#8220; header_font=&#8220;Playfair Display|600||on|||||&#8220; header_text_color=&#8220;#424242&#8243; header_font_size=&#8220;4vw&#8220; header_line_height=&#8220;1.1em&#8220; header_2_font=&#8220;Playfair Display|600||on|||||&#8220; header_2_font_size=&#8220;4vw&#8220; header_2_line_height=&#8220;1.1em&#8220; header_3_font=&#8220;Playfair Display|600||on|||||&#8220; header_3_font_size=&#8220;4vw&#8220; header_3_line_height=&#8220;1.1em&#8220; header_4_font=&#8220;Playfair Display|600||on|||||&#8220; header_4_font_size=&#8220;4vw&#8220; header_4_line_height=&#8220;1.1em&#8220; header_5_font=&#8220;Playfair Display|600||on|||||&#8220; header_5_font_size=&#8220;4vw&#8220; header_5_line_height=&#8220;1.1em&#8220; header_6_font=&#8220;Playfair Display|600||on|||||&#8220; header_6_font_size=&#8220;4vw&#8220; header_6_line_height=&#8220;1.1em&#8220; text_orientation=&#8220;center&#8220; custom_margin=&#8220;7px||7px||false|false&#8220; hover_enabled=&#8220;0&#8243; text_font_size_tablet=&#8220;4vw&#8220; text_font_size_phone=&#8220;5vw&#8220; text_font_size_last_edited=&#8220;on|phone&#8220; header_font_tablet=&#8220;&#8220; header_font_phone=&#8220;&#8220; header_font_last_edited=&#8220;on|tablet&#8220; header_font_size_tablet=&#8220;7vw&#8220; header_font_size_phone=&#8220;8vw&#8220; header_font_size_last_edited=&#8220;on|tablet&#8220; header_2_font_tablet=&#8220;&#8220; header_2_font_phone=&#8220;&#8220; header_2_font_last_edited=&#8220;on|tablet&#8220; header_2_font_size_tablet=&#8220;7vw&#8220; header_2_font_size_phone=&#8220;8vw&#8220; header_2_font_size_last_edited=&#8220;on|tablet&#8220; header_3_font_tablet=&#8220;&#8220; header_3_font_phone=&#8220;&#8220; header_3_font_last_edited=&#8220;on|tablet&#8220; header_3_font_size_tablet=&#8220;7vw&#8220; header_3_font_size_phone=&#8220;8vw&#8220; header_3_font_size_last_edited=&#8220;on|tablet&#8220; header_4_font_tablet=&#8220;&#8220; header_4_font_phone=&#8220;&#8220; header_4_font_last_edited=&#8220;on|tablet&#8220; header_4_font_size_tablet=&#8220;7vw&#8220; header_4_font_size_phone=&#8220;8vw&#8220; header_4_font_size_last_edited=&#8220;on|tablet&#8220; header_5_font_tablet=&#8220;&#8220; header_5_font_phone=&#8220;&#8220; header_5_font_last_edited=&#8220;on|tablet&#8220; header_5_font_size_tablet=&#8220;7vw&#8220; header_5_font_size_phone=&#8220;8vw&#8220; header_5_font_size_last_edited=&#8220;on|tablet&#8220; header_6_font_tablet=&#8220;&#8220; header_6_font_phone=&#8220;&#8220; header_6_font_last_edited=&#8220;on|tablet&#8220; header_6_font_size_tablet=&#8220;7vw&#8220; header_6_font_size_phone=&#8220;8vw&#8220; header_6_font_size_last_edited=&#8220;on|tablet&#8220; global_colors_info=&#8220;{}&#8220; sticky_enabled=&#8220;0&#8243;]<\/p>\n<p class=\"p1\" style=\"text-align: left;\">Nachhaltiges und k\u00f6stliches Fr\u00fchst\u00fccksbuffet F\u00fcr jedermanns Geschmack Glutenfrei, Laktosefrei und veganer Alternative.<\/p>\n<p>[\/et_pb_text][et_pb_text _builder_version=&#8220;4.27.0&#8243; _module_preset=&#8220;default&#8220; text_font=&#8220;|300|||||||&#8220; text_text_color=&#8220;#6d6d6d&#8220; text_font_size=&#8220;18px&#8220; text_line_height=&#8220;1.6em&#8220; custom_margin=&#8220;38px|||||&#8220; custom_padding=&#8220;|20px|||false|false&#8220; hover_enabled=&#8220;0&#8243; text_font_size_tablet=&#8220;2.5vw&#8220; text_font_size_phone=&#8220;4vw&#8220; text_font_size_last_edited=&#8220;on|phone&#8220; border_color_right=&#8220;#E9A081&#8243; border_color_left=&#8220;#E9A081&#8243; global_colors_info=&#8220;{}&#8220; sticky_enabled=&#8220;0&#8243;]<\/p>\n<p class=\"p1\" style=\"text-align: justify;\">Im Hotel Italia glauben wir, dass ein gutes Fr\u00fchst\u00fcck der Schl\u00fcssel zu einem guten Start in den Tag ist. Deshalb bem\u00fchen wir uns, allen unseren G\u00e4sten ein inklusives und nachhaltiges Erlebnis zu bieten. Unsere Fr\u00fchst\u00fccksbuffets sind nicht nur k\u00f6stlich, sondern auch darauf ausgelegt, verschiedene Ern\u00e4hrungsgewohnheiten zu ber\u00fccksichtigen. Wir verwenden regionale und saisonale Zutaten, um die lokale Wirtschaft zu f\u00f6rdern und die Umweltbelastung zu reduzieren. Ob Sie einer bestimmten Di\u00e4t folgen oder einfach nur ein k\u00f6stliches und nachhaltiges Fr\u00fchst\u00fcck genie\u00dfen m\u00f6chten, wir sind f\u00fcr Sie da, um Ihre W\u00fcnsche zu erf\u00fcllen.<\/p>\n<p class=\"p1\" style=\"text-align: justify;\"><strong>Beginnen Sie Ihren Tag mit einem Fr\u00fchst\u00fcck, das gut f\u00fcr den Gaumen, die Gesundheit und den Planeten ist.<\/strong><\/p>\n<p>[\/et_pb_text][\/et_pb_column][\/et_pb_row][et_pb_row _builder_version=&#8220;4.25.2&#8243; _module_preset=&#8220;default&#8220; custom_padding=&#8220;||18px|||&#8220; global_colors_info=&#8220;{}&#8220;][et_pb_column type=&#8220;4_4&#8243; _builder_version=&#8220;4.25.2&#8243; _module_preset=&#8220;default&#8220; global_colors_info=&#8220;{}&#8220;][et_pb_button button_url=&#8220;https:\/\/www.hotel-italia.it\/wp-content\/uploads\/2024\/07\/MENU-Colazione-ITA-ENG-anche-senza-glutine.pdf&#8220; url_new_window=&#8220;on&#8220; button_text=&#8220;Men\u00fc herunterladen&#8220; button_alignment=&#8220;left&#8220; _builder_version=&#8220;4.27.0&#8243; _module_preset=&#8220;default&#8220; custom_button=&#8220;on&#8220; button_text_size=&#8220;18px&#8220; button_text_color=&#8220;#FFFFFF&#8220; button_bg_color=&#8220;#00b3e0&#8243; button_border_color=&#8220;#00b3e0&#8243; button_border_radius=&#8220;1px&#8220; button_letter_spacing=&#8220;1px&#8220; button_font=&#8220;Roboto|||on|||||&#8220; button_icon=&#8220;&#x22;||divi||400&#8243; custom_padding=&#8220;14px|40px|14px|40px|true|true&#8220; custom_padding_tablet=&#8220;&#8220; custom_padding_phone=&#8220;20px|60px|20px|60px|true|true&#8220; custom_padding_last_edited=&#8220;on|desktop&#8220; hover_enabled=&#8220;0&#8243; button_text_size_tablet=&#8220;3vw&#8220; button_text_size_phone=&#8220;5vw&#8220; button_text_size_last_edited=&#8220;on|desktop&#8220; locked=&#8220;off&#8220; global_colors_info=&#8220;{}&#8220; button_bg_color__hover_enabled=&#8220;on|hover&#8220; button_text_size__hover_enabled=&#8220;on|desktop&#8220; button_text_color__hover_enabled=&#8220;on|hover&#8220; button_bg_color__hover=&#8220;rgba(255,255,255,0)&#8220; button_bg_enable_color__hover=&#8220;on&#8220; button_text_color__hover=&#8220;#00b3e0&#8243; button_text_size__hover=&#8220;2vh&#8220; sticky_enabled=&#8220;0&#8243;][\/et_pb_button][\/et_pb_column][\/et_pb_row][\/et_pb_section][et_pb_section fb_built=&#8220;1&#8243; _builder_version=&#8220;4.16&#8243; _module_preset=&#8220;default&#8220; custom_padding=&#8220;17px|||||&#8220; global_colors_info=&#8220;{}&#8220;][et_pb_row use_custom_gutter=&#8220;on&#8220; gutter_width=&#8220;1&#8243; make_equal=&#8220;on&#8220; _builder_version=&#8220;4.25.2&#8243; _module_preset=&#8220;default&#8220; width=&#8220;95%&#8220; width_tablet=&#8220;90%&#8220; width_phone=&#8220;90%&#8220; width_last_edited=&#8220;on|phone&#8220; max_width=&#8220;1280px&#8220; module_alignment=&#8220;center&#8220; global_colors_info=&#8220;{}&#8220;][et_pb_column type=&#8220;4_4&#8243; _builder_version=&#8220;4.16&#8243; _module_preset=&#8220;default&#8220; global_colors_info=&#8220;{}&#8220;][et_pb_gallery gallery_ids=&#8220;224269,224270,224271,224272,224273,224274,224275,224276,224277,224278,224279,224280,224516,224517,224518,224519,224520,224521,224522,224523,224524,224525,224526,224527,224528,224529,224530&#8243; posts_number=&#8220;50&#8243; show_title_and_caption=&#8220;off&#8220; show_pagination=&#8220;off&#8220; _builder_version=&#8220;4.25.2&#8243; _module_preset=&#8220;default&#8220; border_width_all_image=&#8220;2px&#8220; border_color_all_image=&#8220;#FFFFFF&#8220; global_colors_info=&#8220;{}&#8220;][\/et_pb_gallery][\/et_pb_column][\/et_pb_row][\/et_pb_section]<\/p>\n","protected":false},"excerpt":{"rendered":"<p>Kontinentales Fr\u00fchst\u00fcck Hotel ItaliaNachhaltige und k\u00f6stliche Fr\u00fchst\u00fccksbuffetsNachhaltiges und k\u00f6stliches Fr\u00fchst\u00fccksbuffet F\u00fcr jedermanns Geschmack Glutenfrei, Laktosefrei und veganer Alternative.Im Hotel Italia glauben wir, dass ein gutes Fr\u00fchst\u00fcck der Schl\u00fcssel zu einem guten Start in den Tag ist. Deshalb bem\u00fchen wir uns, allen unseren G\u00e4sten ein inklusives und nachhaltiges Erlebnis zu bieten. Unsere Fr\u00fchst\u00fccksbuffets sind nicht nur [&hellip;]<\/p>\n","protected":false},"author":1,"featured_media":0,"parent":0,"menu_order":0,"comment_status":"closed","ping_status":"closed","template":"","meta":{"_et_pb_use_builder":"on","_et_pb_old_content":"","_et_gb_content_width":"","footnotes":""},"class_list":["post-225150","page","type-page","status-publish","hentry"],"_links":{"self":[{"href":"https:\/\/www.hotel-italia.it\/de\/wp-json\/wp\/v2\/pages\/225150","targetHints":{"allow":["GET"]}}],"collection":[{"href":"https:\/\/www.hotel-italia.it\/de\/wp-json\/wp\/v2\/pages"}],"about":[{"href":"https:\/\/www.hotel-italia.it\/de\/wp-json\/wp\/v2\/types\/page"}],"author":[{"embeddable":true,"href":"https:\/\/www.hotel-italia.it\/de\/wp-json\/wp\/v2\/users\/1"}],"replies":[{"embeddable":true,"href":"https:\/\/www.hotel-italia.it\/de\/wp-json\/wp\/v2\/comments?post=225150"}],"version-history":[{"count":0,"href":"https:\/\/www.hotel-italia.it\/de\/wp-json\/wp\/v2\/pages\/225150\/revisions"}],"wp:attachment":[{"href":"https:\/\/www.hotel-italia.it\/de\/wp-json\/wp\/v2\/media?parent=225150"}],"curies":[{"name":"wp","href":"https:\/\/api.w.org\/{rel}","templated":true}]}}