{"id":225154,"date":"2024-06-28T08:19:22","date_gmt":"2024-06-28T07:19:22","guid":{"rendered":"https:\/\/www.hotel-italia.it\/besuchen-sie-triest\/"},"modified":"2024-07-24T19:02:38","modified_gmt":"2024-07-24T18:02:38","slug":"besuchen-sie-triest","status":"publish","type":"page","link":"https:\/\/www.hotel-italia.it\/de\/besuchen-sie-triest\/","title":{"rendered":"Besuchen Sie Triest"},"content":{"rendered":"<p>[et_pb_section fb_built=&#8220;1&#8243; custom_padding_last_edited=&#8220;on|desktop&#8220; _builder_version=&#8220;4.25.2&#8243; _module_preset=&#8220;default&#8220; use_background_color_gradient=&#8220;on&#8220; background_color_gradient_stops=&#8220;rgba(0,0,0,0.7) 0%|rgba(0,0,0,0.3) 100%&#8220; background_color_gradient_overlays_image=&#8220;on&#8220; background_color_gradient_start=&#8220;rgba(0,0,0,0.7)&#8220; background_color_gradient_end=&#8220;rgba(0,0,0,0.3)&#8220; background_image=&#8220;https:\/\/www.hotel-italia.it\/wp-content\/uploads\/2024\/06\/Trieste-5.jpg&#8220; custom_margin=&#8220;-180px||||false|false&#8220; custom_margin_tablet=&#8220;-180px||||false|false&#8220; custom_margin_phone=&#8220;-150px||||false|false&#8220; custom_margin_last_edited=&#8220;on|phone&#8220; custom_padding=&#8220;363px||363px||true|false&#8220; custom_padding_tablet=&#8220;250px||||false|false&#8220; custom_padding_phone=&#8220;200px||100px||false|false&#8220; locked=&#8220;off&#8220; global_colors_info=&#8220;{}&#8220;][et_pb_row _builder_version=&#8220;4.16&#8243; _module_preset=&#8220;default&#8220; width_tablet=&#8220;&#8220; width_phone=&#8220;90%&#8220; width_last_edited=&#8220;on|phone&#8220; max_width=&#8220;1280px&#8220; global_colors_info=&#8220;{}&#8220;][et_pb_column type=&#8220;4_4&#8243; _builder_version=&#8220;4.16&#8243; _module_preset=&#8220;default&#8220; global_colors_info=&#8220;{}&#8220;][et_pb_text _builder_version=&#8220;4.25.2&#8243; _module_preset=&#8220;default&#8220; text_font=&#8220;|300|||||||&#8220; text_text_color=&#8220;#FFFFFF&#8220; text_font_size=&#8220;2vw&#8220; text_line_height=&#8220;1.5em&#8220; header_font=&#8220;Playfair Display||||||||&#8220; header_text_color=&#8220;#FFFFFF&#8220; header_font_size=&#8220;3vw&#8220; header_letter_spacing=&#8220;1px&#8220; header_line_height=&#8220;1.1em&#8220; header_2_font=&#8220;Playfair Display|600||on|||||&#8220; header_2_font_size=&#8220;4vw&#8220; header_2_line_height=&#8220;1.1em&#8220; header_3_font=&#8220;Playfair Display|600||on|||||&#8220; header_3_font_size=&#8220;4vw&#8220; header_3_line_height=&#8220;1.1em&#8220; header_4_font=&#8220;Playfair Display|600||on|||||&#8220; header_4_font_size=&#8220;4vw&#8220; header_4_line_height=&#8220;1.1em&#8220; header_5_font=&#8220;Playfair Display|600||on|||||&#8220; header_5_font_size=&#8220;4vw&#8220; header_5_line_height=&#8220;1.1em&#8220; header_6_font=&#8220;Playfair Display|600||on|||||&#8220; header_6_font_size=&#8220;4vw&#8220; header_6_line_height=&#8220;1.1em&#8220; text_orientation=&#8220;center&#8220; custom_margin=&#8220;1px||10px||false|false&#8220; text_font_size_tablet=&#8220;4vw&#8220; text_font_size_phone=&#8220;6vw&#8220; text_font_size_last_edited=&#8220;on|phone&#8220; header_font_tablet=&#8220;Playfair Display||||||||&#8220; header_font_phone=&#8220;Playfair Display||||||||&#8220; header_font_last_edited=&#8220;on|tablet&#8220; header_font_size_tablet=&#8220;7vw&#8220; header_font_size_phone=&#8220;8vw&#8220; header_font_size_last_edited=&#8220;on|tablet&#8220; header_2_font_tablet=&#8220;Playfair Display|600||on|||||&#8220; header_2_font_phone=&#8220;Playfair Display|600||on|||||&#8220; header_2_font_last_edited=&#8220;on|tablet&#8220; header_2_font_size_tablet=&#8220;7vw&#8220; header_2_font_size_phone=&#8220;8vw&#8220; header_2_font_size_last_edited=&#8220;on|tablet&#8220; header_3_font_tablet=&#8220;Playfair Display|600||on|||||&#8220; header_3_font_phone=&#8220;Playfair Display|600||on|||||&#8220; header_3_font_last_edited=&#8220;on|tablet&#8220; header_3_font_size_tablet=&#8220;7vw&#8220; header_3_font_size_phone=&#8220;8vw&#8220; header_3_font_size_last_edited=&#8220;on|tablet&#8220; header_4_font_tablet=&#8220;Playfair Display|600||on|||||&#8220; header_4_font_phone=&#8220;Playfair Display|600||on|||||&#8220; header_4_font_last_edited=&#8220;on|tablet&#8220; header_4_font_size_tablet=&#8220;7vw&#8220; header_4_font_size_phone=&#8220;8vw&#8220; header_4_font_size_last_edited=&#8220;on|tablet&#8220; header_5_font_tablet=&#8220;Playfair Display|600||on|||||&#8220; header_5_font_phone=&#8220;Playfair Display|600||on|||||&#8220; header_5_font_last_edited=&#8220;on|tablet&#8220; header_5_font_size_tablet=&#8220;7vw&#8220; header_5_font_size_phone=&#8220;8vw&#8220; header_5_font_size_last_edited=&#8220;on|tablet&#8220; header_6_font_tablet=&#8220;Playfair Display|600||on|||||&#8220; header_6_font_phone=&#8220;Playfair Display|600||on|||||&#8220; header_6_font_last_edited=&#8220;on|tablet&#8220; header_6_font_size_tablet=&#8220;7vw&#8220; header_6_font_size_phone=&#8220;8vw&#8220; header_6_font_size_last_edited=&#8220;on|tablet&#8220; global_colors_info=&#8220;{}&#8220;]<\/p>\n<h1><strong>Besuchen Sie Triest<\/strong><\/h1>\n<p>[\/et_pb_text][et_pb_text _builder_version=&#8220;4.25.2&#8243; _module_preset=&#8220;default&#8220; text_font=&#8220;|300|||||||&#8220; text_text_color=&#8220;#FFFFFF&#8220; text_font_size=&#8220;2vw&#8220; text_line_height=&#8220;1.5em&#8220; header_font=&#8220;Playfair Display||||||||&#8220; header_text_color=&#8220;#FFFFFF&#8220; header_font_size=&#8220;3vw&#8220; header_letter_spacing=&#8220;1px&#8220; header_line_height=&#8220;1.1em&#8220; header_2_font=&#8220;Playfair Display|600||on|||||&#8220; header_2_font_size=&#8220;4vw&#8220; header_2_line_height=&#8220;1.1em&#8220; header_3_font=&#8220;Playfair Display|600||on|||||&#8220; header_3_font_size=&#8220;4vw&#8220; header_3_line_height=&#8220;1.1em&#8220; header_4_font=&#8220;Playfair Display|600||on|||||&#8220; header_4_font_size=&#8220;4vw&#8220; header_4_line_height=&#8220;1.1em&#8220; header_5_font=&#8220;Playfair Display|600||on|||||&#8220; header_5_font_size=&#8220;4vw&#8220; header_5_line_height=&#8220;1.1em&#8220; header_6_font=&#8220;Playfair Display|600||on|||||&#8220; header_6_font_size=&#8220;4vw&#8220; header_6_line_height=&#8220;1.1em&#8220; text_orientation=&#8220;center&#8220; custom_margin=&#8220;-12px||16px||false|false&#8220; text_font_size_tablet=&#8220;4vw&#8220; text_font_size_phone=&#8220;6vw&#8220; text_font_size_last_edited=&#8220;on|phone&#8220; header_font_tablet=&#8220;Playfair Display||||||||&#8220; header_font_phone=&#8220;Playfair Display||||||||&#8220; header_font_last_edited=&#8220;on|tablet&#8220; header_font_size_tablet=&#8220;7vw&#8220; header_font_size_phone=&#8220;8vw&#8220; header_font_size_last_edited=&#8220;on|tablet&#8220; header_2_font_tablet=&#8220;Playfair Display|600||on|||||&#8220; header_2_font_phone=&#8220;Playfair Display|600||on|||||&#8220; header_2_font_last_edited=&#8220;on|tablet&#8220; header_2_font_size_tablet=&#8220;7vw&#8220; header_2_font_size_phone=&#8220;8vw&#8220; header_2_font_size_last_edited=&#8220;on|tablet&#8220; header_3_font_tablet=&#8220;Playfair Display|600||on|||||&#8220; header_3_font_phone=&#8220;Playfair Display|600||on|||||&#8220; header_3_font_last_edited=&#8220;on|tablet&#8220; header_3_font_size_tablet=&#8220;7vw&#8220; header_3_font_size_phone=&#8220;8vw&#8220; header_3_font_size_last_edited=&#8220;on|tablet&#8220; header_4_font_tablet=&#8220;Playfair Display|600||on|||||&#8220; header_4_font_phone=&#8220;Playfair Display|600||on|||||&#8220; header_4_font_last_edited=&#8220;on|tablet&#8220; header_4_font_size_tablet=&#8220;7vw&#8220; header_4_font_size_phone=&#8220;8vw&#8220; header_4_font_size_last_edited=&#8220;on|tablet&#8220; header_5_font_tablet=&#8220;Playfair Display|600||on|||||&#8220; header_5_font_phone=&#8220;Playfair Display|600||on|||||&#8220; header_5_font_last_edited=&#8220;on|tablet&#8220; header_5_font_size_tablet=&#8220;7vw&#8220; header_5_font_size_phone=&#8220;8vw&#8220; header_5_font_size_last_edited=&#8220;on|tablet&#8220; header_6_font_tablet=&#8220;Playfair Display|600||on|||||&#8220; header_6_font_phone=&#8220;Playfair Display|600||on|||||&#8220; header_6_font_last_edited=&#8220;on|tablet&#8220; header_6_font_size_tablet=&#8220;7vw&#8220; header_6_font_size_phone=&#8220;8vw&#8220; header_6_font_size_last_edited=&#8220;on|tablet&#8220; global_colors_info=&#8220;{}&#8220;]<\/p>\n<p>Kultur und Sch\u00f6nheit zwischen Meer und Bergen<\/p>\n<p>[\/et_pb_text][\/et_pb_column][\/et_pb_row][\/et_pb_section][et_pb_section fb_built=&#8220;1&#8243; custom_padding_last_edited=&#8220;off|phone&#8220; _builder_version=&#8220;4.16&#8243; _module_preset=&#8220;default&#8220; custom_padding=&#8220;78px||2px||false|false&#8220; custom_padding_tablet=&#8220;60px||60px||true|false&#8220; locked=&#8220;off&#8220; global_colors_info=&#8220;{}&#8220;][et_pb_row column_structure=&#8220;3_5,2_5&#8243; _builder_version=&#8220;4.25.2&#8243; _module_preset=&#8220;default&#8220; max_width=&#8220;1280px&#8220; module_alignment=&#8220;center&#8220; custom_padding=&#8220;10px|||||&#8220; global_colors_info=&#8220;{}&#8220;][et_pb_column type=&#8220;3_5&#8243; _builder_version=&#8220;4.25.2&#8243; _module_preset=&#8220;default&#8220; global_colors_info=&#8220;{}&#8220;][et_pb_text _builder_version=&#8220;4.25.2&#8243; _module_preset=&#8220;default&#8220; text_font=&#8220;|300|||||||&#8220; text_text_color=&#8220;#000000&#8243; text_font_size=&#8220;2vw&#8220; text_line_height=&#8220;1.5em&#8220; header_font=&#8220;Playfair Display|600||on|||||&#8220; header_text_color=&#8220;#424242&#8243; header_font_size=&#8220;4vw&#8220; header_line_height=&#8220;1.1em&#8220; header_2_font=&#8220;Playfair Display|600||on|||||&#8220; header_2_font_size=&#8220;4vw&#8220; header_2_line_height=&#8220;1.1em&#8220; header_3_font=&#8220;Playfair Display|600||on|||||&#8220; header_3_font_size=&#8220;4vw&#8220; header_3_line_height=&#8220;1.1em&#8220; header_4_font=&#8220;Playfair Display|600||on|||||&#8220; header_4_font_size=&#8220;4vw&#8220; header_4_line_height=&#8220;1.1em&#8220; header_5_font=&#8220;Playfair Display|600||on|||||&#8220; header_5_font_size=&#8220;4vw&#8220; header_5_line_height=&#8220;1.1em&#8220; header_6_font=&#8220;Playfair Display|600||on|||||&#8220; header_6_font_size=&#8220;4vw&#8220; header_6_line_height=&#8220;1.1em&#8220; text_orientation=&#8220;center&#8220; custom_margin=&#8220;7px||7px||false|false&#8220; text_font_size_tablet=&#8220;4vw&#8220; text_font_size_phone=&#8220;6vw&#8220; text_font_size_last_edited=&#8220;on|phone&#8220; header_font_tablet=&#8220;&#8220; header_font_phone=&#8220;&#8220; header_font_last_edited=&#8220;on|tablet&#8220; header_font_size_tablet=&#8220;7vw&#8220; header_font_size_phone=&#8220;8vw&#8220; header_font_size_last_edited=&#8220;on|tablet&#8220; header_2_font_tablet=&#8220;&#8220; header_2_font_phone=&#8220;&#8220; header_2_font_last_edited=&#8220;on|tablet&#8220; header_2_font_size_tablet=&#8220;7vw&#8220; header_2_font_size_phone=&#8220;8vw&#8220; header_2_font_size_last_edited=&#8220;on|tablet&#8220; header_3_font_tablet=&#8220;&#8220; header_3_font_phone=&#8220;&#8220; header_3_font_last_edited=&#8220;on|tablet&#8220; header_3_font_size_tablet=&#8220;7vw&#8220; header_3_font_size_phone=&#8220;8vw&#8220; header_3_font_size_last_edited=&#8220;on|tablet&#8220; header_4_font_tablet=&#8220;&#8220; header_4_font_phone=&#8220;&#8220; header_4_font_last_edited=&#8220;on|tablet&#8220; header_4_font_size_tablet=&#8220;7vw&#8220; header_4_font_size_phone=&#8220;8vw&#8220; header_4_font_size_last_edited=&#8220;on|tablet&#8220; header_5_font_tablet=&#8220;&#8220; header_5_font_phone=&#8220;&#8220; header_5_font_last_edited=&#8220;on|tablet&#8220; header_5_font_size_tablet=&#8220;7vw&#8220; header_5_font_size_phone=&#8220;8vw&#8220; header_5_font_size_last_edited=&#8220;on|tablet&#8220; header_6_font_tablet=&#8220;&#8220; header_6_font_phone=&#8220;&#8220; header_6_font_last_edited=&#8220;on|tablet&#8220; header_6_font_size_tablet=&#8220;7vw&#8220; header_6_font_size_phone=&#8220;8vw&#8220; header_6_font_size_last_edited=&#8220;on|tablet&#8220; global_colors_info=&#8220;{}&#8220;]<\/p>\n<p style=\"text-align: left;\"><strong>Triest<\/strong><br \/>Eine einzigartige Stadt mit habsburgischen Wurzeln<\/p>\n<p>[\/et_pb_text][et_pb_text _builder_version=&#8220;4.27.0&#8243; _module_preset=&#8220;default&#8220; text_font=&#8220;|300|||||||&#8220; text_text_color=&#8220;#6d6d6d&#8220; text_font_size=&#8220;18px&#8220; text_line_height=&#8220;1.6em&#8220; custom_padding=&#8220;|20px|||false|false&#8220; hover_enabled=&#8220;0&#8243; text_font_size_tablet=&#8220;2.5vw&#8220; text_font_size_phone=&#8220;4.5vw&#8220; text_font_size_last_edited=&#8220;on|phone&#8220; border_color_right=&#8220;#E9A081&#8243; border_color_left=&#8220;#E9A081&#8243; global_colors_info=&#8220;{}&#8220; sticky_enabled=&#8220;0&#8243;]<\/p>\n<div class=\"camera_fakehover\" style=\"text-align: justify;\">\n<p class=\"p1\">Ein kosmopolitisches Reiseziel, wo Kultur und Sch\u00f6nheit verschmelzen. Die Piazza Unit\u00e0 d\u2019Italia bietet einen atemberaubenden Blick auf das Meer und eine faszinierende Architektur. Triest ist auch ber\u00fchmt f\u00fcr seinen Kaffee und seine literarischen Caf\u00e9s. Das umliegende Karstgebiet bietet atemberaubende Landschaften, H\u00f6hlen und eine einzigartige botanische Vielfalt. Die Kombination aus Triest und dem Karst bietet unvergessliche Erlebnisse zwischen Kultur und Natur.<\/p>\n<p class=\"p1\" style=\"text-align: left;\"><strong>Triest: Ein perfekter Mix aus Kultur und Natur, den es zu entdecken gilt.<\/strong><\/p>\n<\/div>\n<p>[\/et_pb_text][\/et_pb_column][et_pb_column type=&#8220;2_5&#8243; _builder_version=&#8220;4.25.2&#8243; _module_preset=&#8220;default&#8220; global_colors_info=&#8220;{}&#8220;][et_pb_image src=&#8220;https:\/\/www.hotel-italia.it\/wp-content\/uploads\/2024\/06\/lamppost-400848_1280.jpg&#8220; title_text=&#8220;lamppost-400848_1280&#8243; show_in_lightbox=&#8220;on&#8220; _builder_version=&#8220;4.25.2&#8243; _module_preset=&#8220;default&#8220; global_colors_info=&#8220;{}&#8220;][\/et_pb_image][\/et_pb_column][\/et_pb_row][et_pb_row column_structure=&#8220;1_2,1_2&#8243; _builder_version=&#8220;4.25.2&#8243; _module_preset=&#8220;default&#8220; global_colors_info=&#8220;{}&#8220;][et_pb_column type=&#8220;1_2&#8243; _builder_version=&#8220;4.25.2&#8243; _module_preset=&#8220;default&#8220; border_radii=&#8220;on|10px|10px|10px|10px&#8220; border_width_all=&#8220;1px&#8220; global_colors_info=&#8220;{}&#8220;][et_pb_text _builder_version=&#8220;4.27.0&#8243; _module_preset=&#8220;default&#8220; custom_padding=&#8220;10px|10px|10px|10px|true|true&#8220; hover_enabled=&#8220;0&#8243; global_colors_info=&#8220;{}&#8220; sticky_enabled=&#8220;0&#8243;]<\/p>\n<h2>N\u00fctzliche Infos<\/h2>\n<ul>\n<li><span style=\"color: #333333;\"><a href=\"https:\/\/www.turismofvg.it\/fvg-card\" target=\"_blank\" rel=\"noopener\" style=\"color: #333333;\"><\/a><a href=\"https:\/\/www.turismofvg.it\/fvg-card\" target=\"_blank\" rel=\"noopener\">FVG Card<\/a><\/span><\/li>\n<li><span style=\"color: #333333;\"><a href=\"https:\/\/www.triestetrasporti.it\/orari-e-percorsi\/linee-e-orari\/\" target=\"_blank\" rel=\"noopener\" style=\"color: #333333;\"><\/a><a href=\"https:\/\/www.triestetrasporti.it\/orari-e-percorsi\/linee-e-orari\/\" target=\"_blank\" rel=\"noopener\">Linee e orari bus<\/a><\/span><\/li>\n<li><span style=\"color: #333333;\"><a href=\"https:\/\/www.triestetrasporti.it\/orari-e-percorsi\/punti-vendita\/\" target=\"_blank\" rel=\"noopener\" style=\"color: #333333;\"><\/a><a href=\"https:\/\/www.triestetrasporti.it\/orari-e-percorsi\/punti-vendita\/\" target=\"_blank\" rel=\"noopener\">Punti vendita biglietti bus<\/a><\/span><\/li>\n<li><span style=\"color: #333333;\"><a href=\"https:\/\/apps.apple.com\/it\/app\/tplfvg\/id1481314758\" target=\"_blank\" rel=\"noopener\" style=\"color: #333333;\"><\/a><a href=\"https:\/\/apps.apple.com\/it\/app\/tplfvg\/id1481314758\" target=\"_blank\" rel=\"noopener\">Scarica app e acquista biglietti del bus (APP STORE)<\/a><\/span><\/li>\n<li><span style=\"color: #333333;\"><a href=\"https:\/\/play.google.com\/store\/apps\/details?id=net.pluservice.tplfvg&amp;pli=1\" target=\"_blank\" rel=\"noopener\" style=\"color: #333333;\"><\/a><a href=\"https:\/\/play.google.com\/store\/apps\/details?id=net.pluservice.tplfvg&amp;pli=1\" target=\"_blank\" rel=\"noopener\">Scarica app e acquista biglietti del bus (PLAY STORE)<\/a><\/span><\/li>\n<\/ul>\n<p>[\/et_pb_text][\/et_pb_column][et_pb_column type=&#8220;1_2&#8243; _builder_version=&#8220;4.25.2&#8243; _module_preset=&#8220;default&#8220; border_radii=&#8220;on|10px|10px|10px|10px&#8220; border_width_all=&#8220;1px&#8220; global_colors_info=&#8220;{}&#8220;][et_pb_text _builder_version=&#8220;4.27.0&#8243; _module_preset=&#8220;default&#8220; custom_padding=&#8220;10px|10px|10px|10px|true|true&#8220; hover_enabled=&#8220;0&#8243; global_colors_info=&#8220;{}&#8220; sticky_enabled=&#8220;0&#8243;]<\/p>\n<h2>Wichtigste Sehensw\u00fcrdigkeiten<\/h2>\n<ul>\n<li><span style=\"color: #333333;\"><a href=\"https:\/\/www.turismofvg.it\/castelli\/castello-di-miramare\" target=\"_blank\" rel=\"noopener\" style=\"color: #333333;\"><\/a><a href=\"https:\/\/www.turismofvg.it\/castelli\/castello-di-miramare\" target=\"_blank\" rel=\"noopener\">Castelllo di Miramare<\/a><\/span><\/li>\n<li><span style=\"color: #333333;\"><a href=\"https:\/\/castellodisangiustotrieste.it\/\" target=\"_blank\" rel=\"noopener\" style=\"color: #333333;\"><\/a><a href=\"https:\/\/castellodisangiustotrieste.it\/\" target=\"_blank\" rel=\"noopener\">Castello di San Giusto<\/a><\/span><\/li>\n<li><span style=\"color: #333333;\"><a href=\"https:\/\/www.turismofvg.it\/dimore-storiche\/castello-di-duino\" target=\"_blank\" rel=\"noopener\" style=\"color: #333333;\"><\/a><a href=\"https:\/\/www.turismofvg.it\/dimore-storiche\/castello-di-duino\" target=\"_blank\" rel=\"noopener\">Castello di Duino<\/a><\/span><\/li>\n<li><span style=\"color: #333333;\"><a href=\"https:\/\/www.farodellavittoria.it\/\" target=\"_blank\" rel=\"noopener\" style=\"color: #333333;\"><\/a><a href=\"https:\/\/www.farodellavittoria.it\/\" target=\"_blank\" rel=\"noopener\">Faro della Vittoria<\/a><\/span><\/li>\n<li><span style=\"color: #333333;\"><a href=\"https:\/\/www.turismofvg.it\/piazza-unit%C3%A0-e-molo-audace\" target=\"_blank\" rel=\"noopener\" style=\"color: #333333;\"><\/a><a href=\"https:\/\/www.turismofvg.it\/piazza-unit%C3%A0-e-molo-audace\" target=\"_blank\" rel=\"noopener\">Piazza Unit\u00e0 d\u2019Italia<\/a><\/span><\/li>\n<li><span style=\"color: #333333;\"><a href=\"https:\/\/www.archeocartafvg.it\/portfolio-articoli\/trieste-teatro-romano-2\/\" target=\"_blank\" rel=\"noopener\" style=\"color: #333333;\"><\/a><a href=\"https:\/\/www.archeocartafvg.it\/portfolio-articoli\/trieste-teatro-romano-2\/\" target=\"_blank\" rel=\"noopener\">Teatro romano<\/a><\/span><\/li>\n<li><span style=\"color: #333333;\"><a href=\"https:\/\/www.turismofvg.it\/it\/natura\/sentiero-rilke\" target=\"_blank\" rel=\"noopener\" style=\"color: #333333;\"><\/a><a href=\"https:\/\/www.turismofvg.it\/it\/natura\/sentiero-rilke\" target=\"_blank\" rel=\"noopener\">Sentiero Rilke<\/a><\/span><\/li>\n<li><span style=\"color: #333333;\"><a href=\"https:\/\/www.turismofvg.it\/it\/grotte\/grotta-gigante\" target=\"_blank\" rel=\"noopener\" style=\"color: #333333;\"><\/a><a href=\"https:\/\/www.turismofvg.it\/it\/grotte\/grotta-gigante\" target=\"_blank\" rel=\"noopener\">Grotta Gigante<\/a><\/span><\/li>\n<\/ul>\n<ul><\/ul>\n<p>[\/et_pb_text][\/et_pb_column][\/et_pb_row][\/et_pb_section][et_pb_section fb_built=&#8220;1&#8243; _builder_version=&#8220;4.25.2&#8243; _module_preset=&#8220;default&#8220; custom_padding=&#8220;17px|||||&#8220; global_colors_info=&#8220;{}&#8220;][et_pb_row use_custom_gutter=&#8220;on&#8220; gutter_width=&#8220;1&#8243; make_equal=&#8220;on&#8220; _builder_version=&#8220;4.25.2&#8243; _module_preset=&#8220;default&#8220; width=&#8220;100%&#8220; width_tablet=&#8220;90%&#8220; width_phone=&#8220;90%&#8220; width_last_edited=&#8220;on|phone&#8220; max_width=&#8220;100%&#8220; module_alignment=&#8220;center&#8220; custom_padding=&#8220;12px|||||&#8220; global_colors_info=&#8220;{}&#8220;][et_pb_column type=&#8220;4_4&#8243; _builder_version=&#8220;4.16&#8243; _module_preset=&#8220;default&#8220; global_colors_info=&#8220;{}&#8220;][et_pb_gallery gallery_ids=&#8220;224619,224620,224621,224622&#8243; show_title_and_caption=&#8220;off&#8220; show_pagination=&#8220;off&#8220; hover_icon=&#8220;&#x2e;||divi||400&#8243; _builder_version=&#8220;4.25.2&#8243; _module_preset=&#8220;default&#8220; border_width_all=&#8220;3px&#8220; border_color_all=&#8220;#FFFFFF&#8220; global_colors_info=&#8220;{}&#8220;][\/et_pb_gallery][\/et_pb_column][\/et_pb_row][\/et_pb_section]<\/p>\n","protected":false},"excerpt":{"rendered":"<p>Besuchen Sie TriestKultur und Sch\u00f6nheit zwischen Meer und BergenTriestEine einzigartige Stadt mit habsburgischen Wurzeln Ein kosmopolitisches Reiseziel, wo Kultur und Sch\u00f6nheit verschmelzen. Die Piazza Unit\u00e0 d\u2019Italia bietet einen atemberaubenden Blick auf das Meer und eine faszinierende Architektur. Triest ist auch ber\u00fchmt f\u00fcr seinen Kaffee und seine literarischen Caf\u00e9s. Das umliegende Karstgebiet bietet atemberaubende Landschaften, H\u00f6hlen [&hellip;]<\/p>\n","protected":false},"author":1,"featured_media":0,"parent":0,"menu_order":0,"comment_status":"closed","ping_status":"closed","template":"","meta":{"_et_pb_use_builder":"on","_et_pb_old_content":"","_et_gb_content_width":"","footnotes":""},"class_list":["post-225154","page","type-page","status-publish","hentry"],"_links":{"self":[{"href":"https:\/\/www.hotel-italia.it\/de\/wp-json\/wp\/v2\/pages\/225154","targetHints":{"allow":["GET"]}}],"collection":[{"href":"https:\/\/www.hotel-italia.it\/de\/wp-json\/wp\/v2\/pages"}],"about":[{"href":"https:\/\/www.hotel-italia.it\/de\/wp-json\/wp\/v2\/types\/page"}],"author":[{"embeddable":true,"href":"https:\/\/www.hotel-italia.it\/de\/wp-json\/wp\/v2\/users\/1"}],"replies":[{"embeddable":true,"href":"https:\/\/www.hotel-italia.it\/de\/wp-json\/wp\/v2\/comments?post=225154"}],"version-history":[{"count":0,"href":"https:\/\/www.hotel-italia.it\/de\/wp-json\/wp\/v2\/pages\/225154\/revisions"}],"wp:attachment":[{"href":"https:\/\/www.hotel-italia.it\/de\/wp-json\/wp\/v2\/media?parent=225154"}],"curies":[{"name":"wp","href":"https:\/\/api.w.org\/{rel}","templated":true}]}}